{"id":25,"date":"2025-08-14T07:43:58","date_gmt":"2025-08-14T07:43:58","guid":{"rendered":"https:\/\/skynic.vn\/?page_id=25"},"modified":"2025-08-14T09:01:55","modified_gmt":"2025-08-14T09:01:55","slug":"trang-chu%cc%89","status":"publish","type":"page","link":"https:\/\/skynic.vn\/","title":{"rendered":"TRANG CHU\u0309"},"content":{"rendered":"\n[section label=&#8221;Hero&#8221; bg=&#8221;63&#8243; bg_size=&#8221;original&#8221; bg_color=&#8221;rgb(212, 236, 242)&#8221; bg_pos=&#8221;75% 53%&#8221; parallax=&#8221;10&#8243; padding=&#8221;70px&#8221; padding__sm=&#8221;20px&#8221; padding__md=&#8221;50px&#8221;]\n\n[row v_align=&#8221;middle&#8221;]\n\n[col span=&#8221;6&#8243; span__sm=&#8221;12&#8243; span__md=&#8221;12&#8243;]\n\n[gap height=&#8221;318px&#8221; height__md=&#8221;10px&#8221; visibility=&#8221;hide-for-small&#8221;]\n\n[gap height__md=&#8221;10px&#8221; visibility=&#8221;hide-for-small&#8221;]\n\n[ux_text font_size=&#8221;2&#8243; font_size__sm=&#8221;1.75&#8243; line_height=&#8221;1.5&#8243;]\n\n\n[\/ux_text]\n[ux_text font_size__sm=&#8221;1&#8243;]\n\n\n[\/ux_text]\n[gap height=&#8221;10px&#8221;]\n\n\n[\/col]\n[col span=&#8221;6&#8243; span__sm=&#8221;12&#8243; span__md=&#8221;12&#8243; force_first=&#8221;medium&#8221;]\n\n\n[\/col]\n\n[\/row]\n\n[\/section]\n[section label=&#8221;About&#8221; bg_color=&#8221;rgb(255, 255, 255)&#8221; padding=&#8221;50px&#8221; padding__sm=&#8221;30px&#8221;]\n\n[gap]\n\n[row]\n\n[col span=&#8221;8&#8243; span__sm=&#8221;12&#8243; span__md=&#8221;12&#8243;]\n\n[ux_banner height=&#8221;450px&#8221; height__sm=&#8221;300px&#8221; bg=&#8221;67&#8243; bg_color=&#8221;rgba(255, 255, 255, 0)&#8221;]\n\n\n[\/ux_banner]\n\n[\/col]\n\n[\/row]\n[row h_align=&#8221;right&#8221;]\n\n[col span=&#8221;7&#8243; span__sm=&#8221;12&#8243; span__md=&#8221;12&#8243; padding=&#8221;8% 8% 5% 8%&#8221; padding__sm=&#8221;7% 8% 5% 8%&#8221; padding__md=&#8221;6% 8% 5% 8%&#8221; margin=&#8221;-290px 0px 0px 0px&#8221; margin__md=&#8221;-50px 0 0px 0px&#8221; bg_color=&#8221;rgb(255, 255, 255)&#8221;]\n\n[ux_text font_size=&#8221;1.25&#8243;]\n\n<h2>Skynic Company<\/h2>\n[\/ux_text]\nSkynic l\u00e0 m\u1ed9t trong nh\u1eefng \u0111\u01a1n v\u1ecb ti\u00ean phong t\u1ea1i Vi\u1ec7t Nam trong l\u0129nh v\u1ef1c c\u00f4ng ngh\u1ec7 UAV (m\u00e1y bay kh\u00f4ng ng\u01b0\u1eddi l\u00e1i), m\u1edf ra k\u1ef7 nguy\u00ean m\u1edbi v\u1edbi nh\u1eefng gi\u1ea3i ph\u00e1p bay th\u00f4ng minh v\u00e0 \u1ee9ng d\u1ee5ng \u0111\u1ed9t ph\u00e1, g\u00f3p ph\u1ea7n \u0111\u1ecbnh h\u00ecnh xu h\u01b0\u1edbng \u201cb\u1ea7u tr\u1eddi s\u1ed1 h\u00f3a\u201d trong nhi\u1ec1u ng\u00e0nh ngh\u1ec1.\n\nV\u1edbi tinh th\u1ea7n s\u00e1ng t\u1ea1o kh\u00f4ng gi\u1edbi h\u1ea1n v\u00e0 s\u1ef1 c\u1ed9ng h\u01b0\u1edfng m\u1ea1nh m\u1ebd t\u1eeb h\u1ec7 sinh th\u00e1i c\u00f4ng ngh\u1ec7 \u0111a d\u1ea1ng, Skynic mang \u0111\u1ebfn hi\u1ec7u qu\u1ea3 v\u01b0\u1ee3t tr\u1ed9i cho c\u00e1c \u0111\u1ed1i t\u00e1c trong m\u1ecdi l\u0129nh v\u1ef1c \u2013 t\u1eeb n\u00f4ng nghi\u1ec7p, c\u00f4ng nghi\u1ec7p, logistics, gi\u00e1m s\u00e1t cho \u0111\u1ebfn nghi\u00ean c\u1ee9u khoa h\u1ecdc.\nH\u1ee3p t\u00e1c v\u1edbi Skynic kh\u00f4ng ch\u1ec9 gi\u00fap b\u1ea1n n\u00e2ng cao n\u0103ng su\u1ea5t, t\u1ed1i \u01b0u chi ph\u00ed m\u00e0 c\u00f2n t\u1ea1o ra l\u1ee3i th\u1ebf c\u1ea1nh tranh b\u1ec1n v\u1eefng trong k\u1ef7 nguy\u00ean m\u1edbi.\n\nCh\u00fang t\u00f4i s\u00e1ng t\u1ea1o v\u00ec th\u00e0nh c\u00f4ng c\u1ee7a b\u1ea1n.\n[button text=&#8221;\u0110o\u0323c th\u00eam&#8221; color=&#8221;secondary&#8221; padding=&#8221;5px 20px 5px 20px&#8221; radius=&#8221;5&#8243;]\n\n\n[\/col]\n\n[\/row]\n\n[\/section]\n[ux_products]\n\n\n","protected":false},"excerpt":{"rendered":"","protected":false},"author":2,"featured_media":0,"parent":0,"menu_order":0,"comment_status":"closed","ping_status":"closed","template":"page-blank.php","meta":{"footnotes":""},"class_list":["post-25","page","type-page","status-publish","hentry"],"_links":{"self":[{"href":"https:\/\/skynic.vn\/index.php\/wp-json\/wp\/v2\/pages\/25","targetHints":{"allow":["GET"]}}],"collection":[{"href":"https:\/\/skynic.vn\/index.php\/wp-json\/wp\/v2\/pages"}],"about":[{"href":"https:\/\/skynic.vn\/index.php\/wp-json\/wp\/v2\/types\/page"}],"author":[{"embeddable":true,"href":"https:\/\/skynic.vn\/index.php\/wp-json\/wp\/v2\/users\/2"}],"replies":[{"embeddable":true,"href":"https:\/\/skynic.vn\/index.php\/wp-json\/wp\/v2\/comments?post=25"}],"version-history":[{"count":4,"href":"https:\/\/skynic.vn\/index.php\/wp-json\/wp\/v2\/pages\/25\/revisions"}],"predecessor-version":[{"id":69,"href":"https:\/\/skynic.vn\/index.php\/wp-json\/wp\/v2\/pages\/25\/revisions\/69"}],"wp:attachment":[{"href":"https:\/\/skynic.vn\/index.php\/wp-json\/wp\/v2\/media?parent=25"}],"curies":[{"name":"wp","href":"https:\/\/api.w.org\/{rel}","templated":true}]}}